{"id":66,"date":"2016-02-15T15:33:45","date_gmt":"2016-02-15T14:33:45","guid":{"rendered":"http:\/\/www.dr-gubo.at\/cms\/?page_id=66"},"modified":"2025-06-04T17:14:30","modified_gmt":"2025-06-04T15:14:30","slug":"impressum","status":"publish","type":"page","link":"https:\/\/www.dr-gubo.at\/cms\/index.php\/impressum\/","title":{"rendered":"Impressum"},"content":{"rendered":"<p><img loading=\"lazy\" decoding=\"async\" class=\"alignnone size-full wp-image-324\" src=\"https:\/\/www.dr-gubo.at\/cms\/wp-content\/uploads\/2016\/11\/bild2.jpg\" alt=\"bild2\" width=\"1280\" height=\"400\" srcset=\"https:\/\/www.dr-gubo.at\/cms\/wp-content\/uploads\/2016\/11\/bild2.jpg 1280w, https:\/\/www.dr-gubo.at\/cms\/wp-content\/uploads\/2016\/11\/bild2-300x94.jpg 300w, https:\/\/www.dr-gubo.at\/cms\/wp-content\/uploads\/2016\/11\/bild2-768x240.jpg 768w, https:\/\/www.dr-gubo.at\/cms\/wp-content\/uploads\/2016\/11\/bild2-1024x320.jpg 1024w, https:\/\/www.dr-gubo.at\/cms\/wp-content\/uploads\/2016\/11\/bild2-250x78.jpg 250w, https:\/\/www.dr-gubo.at\/cms\/wp-content\/uploads\/2016\/11\/bild2-150x47.jpg 150w\" sizes=\"auto, (max-width: 1280px) 100vw, 1280px\" \/><\/p>\n<h4><strong>Information gem\u00e4\u00df \u00a75 E-Commerce Gesetz<\/strong><\/h4>\n<div>\n<p>Die Webseite <a href=\"http:\/\/www.dr-gubo.at\/\">www.dr-gubo.at<\/a> wird betrieben von:<\/p>\n<h5><b> Dr. Friderike Gubo und Dr. Edgar Gubo<\/b><\/h5>\n<p>Fach\u00e4rzte f\u00fcr Allgemeinmedizin und Familienmedizin (Diplom erworben in der Republik \u00d6sterreich)<\/p>\n<p>M\u00fchlbachgasse 7<br \/>\n4840 V\u00f6cklabruck<br \/>\n\u00d6sterreich<br \/>\nTel.: +43-7672\/22536, Fax: -15<br \/>\n<img loading=\"lazy\" decoding=\"async\" src=\"http:\/\/www.dr-gubo.at\/images\/ico_email.gif\" alt=\"icon\" width=\"13\" height=\"9\" \/> e-Mail: <a href=\"mailto:webmaster@dr-gubo.at\"> <script type=\"text\/javascript\">document.write (String.fromCharCode(119,101,98,109,97,115,116,101,114,64,100,114,45,103,117,98,111,46,97,116));<\/script><\/a><\/p>\n<p>Mitglieder der <a href=\"http:\/\/www.aekooe.or.at\/\">\u00c4rztekammer f\u00fcr Ober\u00f6sterreich<\/a><br \/>\nDie T\u00e4tigkeit unterliegt dem <a href=\"http:\/\/www.ris.bka.gv.at\/bundesrecht\/\">\u00c4rztegesetz von 1998<\/a><\/p>\n<\/div>\n","protected":false},"excerpt":{"rendered":"<p>Information gem\u00e4\u00df \u00a75 E-Commerce Gesetz Die Webseite www.dr-gubo.at wird betrieben von: Dr. Friderike Gubo und Dr. Edgar Gubo Fach\u00e4rzte f\u00fcr Allgemeinmedizin und Familienmedizin (Diplom erworben in der Republik \u00d6sterreich) M\u00fchlbachgasse 7 4840 V\u00f6cklabruck \u00d6sterreich Tel.: +43-7672\/22536, Fax: -15 e-Mail: Mitglieder der \u00c4rztekammer f\u00fcr Ober\u00f6sterreich Die T\u00e4tigkeit unterliegt dem \u00c4rztegesetz von\u2026<\/p>\n<p> <a class=\"continue-reading-link\" href=\"https:\/\/www.dr-gubo.at\/cms\/index.php\/impressum\/\"><span>Lesen Sie bitte weiter&#8230;<\/span><i class=\"crycon-right-dir\"><\/i><\/a> <\/p>\n","protected":false},"author":1,"featured_media":0,"parent":0,"menu_order":0,"comment_status":"closed","ping_status":"closed","template":"templates\/template-onecolumn.php","meta":{"footnotes":""},"class_list":["post-66","page","type-page","status-publish","hentry"],"jetpack_sharing_enabled":true,"_links":{"self":[{"href":"https:\/\/www.dr-gubo.at\/cms\/index.php\/wp-json\/wp\/v2\/pages\/66","targetHints":{"allow":["GET"]}}],"collection":[{"href":"https:\/\/www.dr-gubo.at\/cms\/index.php\/wp-json\/wp\/v2\/pages"}],"about":[{"href":"https:\/\/www.dr-gubo.at\/cms\/index.php\/wp-json\/wp\/v2\/types\/page"}],"author":[{"embeddable":true,"href":"https:\/\/www.dr-gubo.at\/cms\/index.php\/wp-json\/wp\/v2\/users\/1"}],"replies":[{"embeddable":true,"href":"https:\/\/www.dr-gubo.at\/cms\/index.php\/wp-json\/wp\/v2\/comments?post=66"}],"version-history":[{"count":13,"href":"https:\/\/www.dr-gubo.at\/cms\/index.php\/wp-json\/wp\/v2\/pages\/66\/revisions"}],"predecessor-version":[{"id":828,"href":"https:\/\/www.dr-gubo.at\/cms\/index.php\/wp-json\/wp\/v2\/pages\/66\/revisions\/828"}],"wp:attachment":[{"href":"https:\/\/www.dr-gubo.at\/cms\/index.php\/wp-json\/wp\/v2\/media?parent=66"}],"curies":[{"name":"wp","href":"https:\/\/api.w.org\/{rel}","templated":true}]}}