{"id":62,"date":"2016-02-15T15:32:59","date_gmt":"2016-02-15T14:32:59","guid":{"rendered":"http:\/\/www.dr-gubo.at\/cms\/?page_id=62"},"modified":"2026-01-08T11:34:45","modified_gmt":"2026-01-08T10:34:45","slug":"links","status":"publish","type":"page","link":"https:\/\/www.dr-gubo.at\/cms\/index.php\/links\/","title":{"rendered":"Links"},"content":{"rendered":"<p><img loading=\"lazy\" decoding=\"async\" class=\"alignnone size-full wp-image-328\" src=\"https:\/\/www.dr-gubo.at\/cms\/wp-content\/uploads\/2016\/11\/bild6.jpg\" alt=\"bild6\" width=\"1280\" height=\"400\" srcset=\"https:\/\/www.dr-gubo.at\/cms\/wp-content\/uploads\/2016\/11\/bild6.jpg 1280w, https:\/\/www.dr-gubo.at\/cms\/wp-content\/uploads\/2016\/11\/bild6-300x94.jpg 300w, https:\/\/www.dr-gubo.at\/cms\/wp-content\/uploads\/2016\/11\/bild6-768x240.jpg 768w, https:\/\/www.dr-gubo.at\/cms\/wp-content\/uploads\/2016\/11\/bild6-1024x320.jpg 1024w, https:\/\/www.dr-gubo.at\/cms\/wp-content\/uploads\/2016\/11\/bild6-250x78.jpg 250w, https:\/\/www.dr-gubo.at\/cms\/wp-content\/uploads\/2016\/11\/bild6-150x47.jpg 150w\" sizes=\"auto, (max-width: 1280px) 100vw, 1280px\" \/><\/p>\n<h4><strong>Hom\u00f6opathen<\/strong><\/h4>\n<p>Empfehlenswerte Hom\u00f6opathen, falls der Weg zu uns zu weit ist oder Sie zu einem Kollegen wechseln m\u00f6chten (in alphabetischer Reihenfolge).<\/p>\n<ul>\n<li><a href=\"http:\/\/www.abermann.net\/\">Dr. Christoph Abermann, Gmunden<\/a><\/li>\n<li><a href=\"http:\/\/www.dr-andreahofer.at\/\">Dr. Andrea Hofer, Linz<\/a><\/li>\n<li><a href=\"http:\/\/www.kerbl-seidelberger.at\/\">Dr. Elisabeth Kerbl-Seidelberger, Langenzersdorf bei Wien<\/a><\/li>\n<li><a href=\"http:\/\/www.hom-gmunden.com\/\">Dr. Nikolaus Kiendl, Gmunden<\/a><\/li>\n<li><a href=\"http:\/\/www.dr-meisinger.com\/\">Dr. Alex Meisinger, Seekirchen am Wallersee<\/a><\/li>\n<li><a href=\"http:\/\/www.hom-gmunden.com\/\">Dr. Alexandra Novak, Gmunden<\/a><\/li>\n<li><a href=\"http:\/\/www.peinbauer.at\/\">Dr. Thomas Peinbauer, Linz<\/a><\/li>\n<li><a href=\"http:\/\/www.puschkarski.com\/\">Dr. Matthias Puschkarski, Vaduz (Lichtenstein)<\/a><\/li>\n<li><a href=\"http:\/\/www.drschipflinger.at\/\">Dr. Guntmar Schipflinger, Linz<\/a><\/li>\n<li><a href=\"http:\/\/www.dr-zauner-homoeopathie.net\/\">Dr. Bernhard Zauner, Bad Schallerbach<\/a><\/li>\n<\/ul>\n<h4><strong>Organisationen<\/strong><\/h4>\n<ul>\n<li><a href=\"http:\/\/www.aekh.at\/\">\u00c4rztegesellschaft f\u00fcr Klassische Hom\u00f6opathie<\/a><\/li>\n<li><a href=\"http:\/\/www.homoeopathie.at\/\">\u00d6sterreichische Gesellschaft f\u00fcr hom\u00f6opathische Medizin<\/a><\/li>\n<\/ul>\n<h4><strong>Apotheken zum Bezug hom\u00f6opathischer Arzneien<\/strong><\/h4>\n<ul>\n<li><a href=\"http:\/\/www.homeocur.com\/\">Stadtapotheke Retz, Firma Homeocur<\/a><\/li>\n<li><a href=\"http:\/\/www.remedia.at\/\">Salvator Apotheke Eisenstadt, Firma Remedia<\/a><\/li>\n<\/ul>\n<h4><strong>Sonstiges<\/strong><\/h4>\n<ul>\n<li><a href=\"http:\/\/www.iner.org\/\">Institut f\u00fcr Nat\u00fcrliche Empf\u00e4ngnisregelung (Prof. Dr. med. R\u00f6tzer) e.V.<\/a><\/li>\n<\/ul>\n\n\n<p><\/p>\n","protected":false},"excerpt":{"rendered":"<p>Hom\u00f6opathen Empfehlenswerte Hom\u00f6opathen, falls der Weg zu uns zu weit ist oder Sie zu einem Kollegen wechseln m\u00f6chten (in alphabetischer Reihenfolge). Dr. Christoph Abermann, Gmunden Dr. Andrea Hofer, Linz Dr. Elisabeth Kerbl-Seidelberger, Langenzersdorf bei Wien Dr. Nikolaus Kiendl, Gmunden Dr. Alex Meisinger, Seekirchen am Wallersee Dr. Alexandra Novak, Gmunden Dr.\u2026<\/p>\n<p> <a class=\"continue-reading-link\" href=\"https:\/\/www.dr-gubo.at\/cms\/index.php\/links\/\"><span>Lesen Sie bitte weiter&#8230;<\/span><i class=\"crycon-right-dir\"><\/i><\/a> <\/p>\n","protected":false},"author":1,"featured_media":0,"parent":0,"menu_order":0,"comment_status":"closed","ping_status":"closed","template":"templates\/template-onecolumn.php","meta":{"footnotes":""},"class_list":["post-62","page","type-page","status-publish","hentry"],"jetpack_sharing_enabled":true,"_links":{"self":[{"href":"https:\/\/www.dr-gubo.at\/cms\/index.php\/wp-json\/wp\/v2\/pages\/62","targetHints":{"allow":["GET"]}}],"collection":[{"href":"https:\/\/www.dr-gubo.at\/cms\/index.php\/wp-json\/wp\/v2\/pages"}],"about":[{"href":"https:\/\/www.dr-gubo.at\/cms\/index.php\/wp-json\/wp\/v2\/types\/page"}],"author":[{"embeddable":true,"href":"https:\/\/www.dr-gubo.at\/cms\/index.php\/wp-json\/wp\/v2\/users\/1"}],"replies":[{"embeddable":true,"href":"https:\/\/www.dr-gubo.at\/cms\/index.php\/wp-json\/wp\/v2\/comments?post=62"}],"version-history":[{"count":14,"href":"https:\/\/www.dr-gubo.at\/cms\/index.php\/wp-json\/wp\/v2\/pages\/62\/revisions"}],"predecessor-version":[{"id":846,"href":"https:\/\/www.dr-gubo.at\/cms\/index.php\/wp-json\/wp\/v2\/pages\/62\/revisions\/846"}],"wp:attachment":[{"href":"https:\/\/www.dr-gubo.at\/cms\/index.php\/wp-json\/wp\/v2\/media?parent=62"}],"curies":[{"name":"wp","href":"https:\/\/api.w.org\/{rel}","templated":true}]}}