{"id":56,"date":"2016-02-15T15:31:46","date_gmt":"2016-02-15T14:31:46","guid":{"rendered":"http:\/\/www.dr-gubo.at\/cms\/?page_id=56"},"modified":"2016-12-14T16:15:02","modified_gmt":"2016-12-14T15:15:02","slug":"impfberatung","status":"publish","type":"page","link":"https:\/\/www.dr-gubo.at\/cms\/index.php\/impfberatung\/","title":{"rendered":"Impfberatung"},"content":{"rendered":"<p><img loading=\"lazy\" decoding=\"async\" class=\"alignnone size-full wp-image-467\" src=\"https:\/\/www.dr-gubo.at\/cms\/wp-content\/uploads\/2016\/02\/impf.jpg\" alt=\"impf\" width=\"1280\" height=\"350\" srcset=\"https:\/\/www.dr-gubo.at\/cms\/wp-content\/uploads\/2016\/02\/impf.jpg 1280w, https:\/\/www.dr-gubo.at\/cms\/wp-content\/uploads\/2016\/02\/impf-300x82.jpg 300w, https:\/\/www.dr-gubo.at\/cms\/wp-content\/uploads\/2016\/02\/impf-768x210.jpg 768w, https:\/\/www.dr-gubo.at\/cms\/wp-content\/uploads\/2016\/02\/impf-1024x280.jpg 1024w, https:\/\/www.dr-gubo.at\/cms\/wp-content\/uploads\/2016\/02\/impf-250x68.jpg 250w, https:\/\/www.dr-gubo.at\/cms\/wp-content\/uploads\/2016\/02\/impf-150x41.jpg 150w\" sizes=\"auto, (max-width: 1280px) 100vw, 1280px\" \/><\/p>\n<h4>Wozu Impfberatung?<\/h4>\n<p>Das Thema &#8222;Impfen&#8220; wird sowohl in der Schulmedizin als auch in der Hom\u00f6opathie sehr kontrovers diskutiert.<\/p>\n<p>Jeder impfende Arzt ist verpflichtet, seine Patienten \u00fcber Nutzen und Risiko der Impfung, Verlauf und Komplikation der nat\u00fcrlichen Krankheit, sowie deren Behandlungsm\u00f6glichkeiten durch die Schulmedizin aufzukl\u00e4ren.<\/p>\n<h4>Ziel der Impfberatung<\/h4>\n<p>Ziel der Impfberatung ist es, f\u00fcr jeden Patienten dieses &#8222;Pro und Contra&#8220; der einzelnen Impfungen abzuw\u00e4gen. Es werden die M\u00f6glichkeiten und Grenzen der Hom\u00f6opathie zur Behandlung der betreffenden Infektionskrankheiten sowie der eventuellen Impfkomplikationen aufgezeigt.<\/p>\n<h4>Impfnosoden<\/h4>\n<p>Manche Therapeuten vertreten die Ansicht man k\u00f6nne vor einer Impfung vorbeugend eine hom\u00f6opathische Arznei verabreichen, die aus demselben Stoff wie die Impfung hergestellt ist, sogenannte &#8222;Impfnosoden&#8220;. Oder diese Impfnosode wird anstelle der Impfung gegeben und soll diese ersetzen. Unsere Meinung dazu: In der klassischen Hom\u00f6opathie verordnet man Arzneien nach den individuellen Symptomen des Patienten. Im Vorhinein kann man aber nicht wissen ob und wie jemand auf eine Impfung reagiert, also kann man auch keine spezifische Verordnung treffen. Impfnosoden ersetzen eine Impfung nicht, es handelt sich gro\u00dfteils um ungepr\u00fcfte Stoffe, deren Wirkung nicht belegt ist. Wir raten daher davon ab.<\/p>\n<h4>Literaturempfehlungen<\/h4>\n<p>&#8222;Impfen Pro und Contra&#8220; von Dr. Martin Hirte, Mens Sana Verlag Knaur (ISBN 3-426-87114-9)<\/p>\n<p><a href=\"http:\/\/www.Dr-Steffen-Rabe.de\/\" target=\"_blank\">www.Dr-Steffen-Rabe.de<\/a> oder <a href=\"http:\/\/www.impf-info.de\/\" target=\"_blank\">www.impf-info.de<\/a><\/p>\n<p>&nbsp;<\/p>\n","protected":false},"excerpt":{"rendered":"<p>Wozu Impfberatung? Das Thema &#8222;Impfen&#8220; wird sowohl in der Schulmedizin als auch in der Hom\u00f6opathie sehr kontrovers diskutiert. Jeder impfende Arzt ist verpflichtet, seine Patienten \u00fcber Nutzen und Risiko der Impfung, Verlauf und Komplikation der nat\u00fcrlichen Krankheit, sowie deren Behandlungsm\u00f6glichkeiten durch die Schulmedizin aufzukl\u00e4ren. Ziel der Impfberatung Ziel der Impfberatung\u2026<\/p>\n<p> <a class=\"continue-reading-link\" href=\"https:\/\/www.dr-gubo.at\/cms\/index.php\/impfberatung\/\"><span>Lesen Sie bitte weiter&#8230;<\/span><i class=\"crycon-right-dir\"><\/i><\/a> <\/p>\n","protected":false},"author":1,"featured_media":0,"parent":0,"menu_order":0,"comment_status":"closed","ping_status":"closed","template":"templates\/template-onecolumn.php","meta":{"footnotes":""},"class_list":["post-56","page","type-page","status-publish","hentry"],"jetpack_sharing_enabled":true,"_links":{"self":[{"href":"https:\/\/www.dr-gubo.at\/cms\/index.php\/wp-json\/wp\/v2\/pages\/56","targetHints":{"allow":["GET"]}}],"collection":[{"href":"https:\/\/www.dr-gubo.at\/cms\/index.php\/wp-json\/wp\/v2\/pages"}],"about":[{"href":"https:\/\/www.dr-gubo.at\/cms\/index.php\/wp-json\/wp\/v2\/types\/page"}],"author":[{"embeddable":true,"href":"https:\/\/www.dr-gubo.at\/cms\/index.php\/wp-json\/wp\/v2\/users\/1"}],"replies":[{"embeddable":true,"href":"https:\/\/www.dr-gubo.at\/cms\/index.php\/wp-json\/wp\/v2\/comments?post=56"}],"version-history":[{"count":7,"href":"https:\/\/www.dr-gubo.at\/cms\/index.php\/wp-json\/wp\/v2\/pages\/56\/revisions"}],"predecessor-version":[{"id":476,"href":"https:\/\/www.dr-gubo.at\/cms\/index.php\/wp-json\/wp\/v2\/pages\/56\/revisions\/476"}],"wp:attachment":[{"href":"https:\/\/www.dr-gubo.at\/cms\/index.php\/wp-json\/wp\/v2\/media?parent=56"}],"curies":[{"name":"wp","href":"https:\/\/api.w.org\/{rel}","templated":true}]}}