{"id":450,"date":"2016-12-02T21:20:13","date_gmt":"2016-12-02T20:20:13","guid":{"rendered":"http:\/\/www.dr-gubo.at\/cms\/?page_id=450"},"modified":"2025-06-04T17:50:25","modified_gmt":"2025-06-04T15:50:25","slug":"dr-edgar-gubo","status":"publish","type":"page","link":"https:\/\/www.dr-gubo.at\/cms\/index.php\/dr-edgar-gubo\/","title":{"rendered":"Dr. Edgar Gubo"},"content":{"rendered":"\n<figure class=\"wp-block-image size-large is-resized\"><img loading=\"lazy\" decoding=\"async\" width=\"1002\" height=\"1024\" src=\"https:\/\/www.dr-gubo.at\/cms\/wp-content\/uploads\/2025\/02\/IMG-20241209-WA0002-1002x1024.jpg\" alt=\"\" class=\"wp-image-808\" style=\"width:232px;height:auto\" srcset=\"https:\/\/www.dr-gubo.at\/cms\/wp-content\/uploads\/2025\/02\/IMG-20241209-WA0002-1002x1024.jpg 1002w, https:\/\/www.dr-gubo.at\/cms\/wp-content\/uploads\/2025\/02\/IMG-20241209-WA0002-293x300.jpg 293w, https:\/\/www.dr-gubo.at\/cms\/wp-content\/uploads\/2025\/02\/IMG-20241209-WA0002-768x785.jpg 768w, https:\/\/www.dr-gubo.at\/cms\/wp-content\/uploads\/2025\/02\/IMG-20241209-WA0002-147x150.jpg 147w, https:\/\/www.dr-gubo.at\/cms\/wp-content\/uploads\/2025\/02\/IMG-20241209-WA0002.jpg 1252w\" sizes=\"auto, (max-width: 1002px) 100vw, 1002px\" \/><\/figure>\n\n\n\n<h3 class=\"wp-block-heading\"><strong>Dr. Edgar Gubo<\/strong><\/h3>\n\n\n\n<p>Geboren 1972 in Grieskirchen, aufgewachsen in Waizenkirchen<\/p>\n\n\n\n<div class=\"wp-block-group\"><div class=\"wp-block-group__inner-container is-layout-constrained wp-block-group-is-layout-constrained\">\n<div class=\"wp-block-columns is-layout-flex wp-container-core-columns-is-layout-9d6595d7 wp-block-columns-is-layout-flex\">\n<div class=\"wp-block-column is-layout-flow wp-block-column-is-layout-flow\" style=\"flex-basis:100%\">\n<div class=\"wp-block-group\"><div class=\"wp-block-group__inner-container is-layout-constrained wp-block-group-is-layout-constrained\">\n<figure class=\"wp-block-table is-style-stripes\"><table class=\"has-fixed-layout\"><tbody><tr><td colspan=\"0\"><strong>Ausbildung <\/strong><\/td><\/tr><tr><td>1990-1997<\/td><td>Medizinstudium an der <a href=\"http:\/\/www.univie.ac.at\/\" target=\"_blank\" rel=\"noopener\">Universit\u00e4t Wien<\/a><\/td><\/tr><tr><td>02.07.1997<\/td><td>Promotion zum Doktor der gesamten Heilkunde<\/td><\/tr><tr><td>1999-2002<\/td><td>Ausbildung zum Arzt f\u00fcr Allgemeinmedizin an folgenden Stellen:<\/td><\/tr><tr><td>&nbsp;<\/td><td><a href=\"http:\/\/www.elisabethinen.or.at\/\" target=\"_blank\" rel=\"noopener\">Krankenhaus der Elisabethinen<\/a> Linz<\/td><\/tr><tr><td>&nbsp;<\/td><td><a href=\"http:\/\/www.kepleruniklinikum.at\" target=\"_blank\" rel=\"noopener\">Wagner Jauregg Landes-Nervenklinik<\/a> Linz<\/td><\/tr><tr><td>&nbsp;<\/td><td><a href=\"http:\/\/www.kepleruniklinikum.at\" target=\"_blank\" rel=\"noopener\">Landesfrauenklinik<\/a> Linz<\/td><\/tr><tr><td>&nbsp;<\/td><td><a href=\"http:\/\/www.kepleruniklinikum.at\" target=\"_blank\" rel=\"noopener\">Landeskinderklinik <\/a>Linz<\/td><\/tr><tr><td>&nbsp;<\/td><td>Lehrpraxis Dr. Hickmann Hof\/Salzburg<\/td><\/tr><tr><td>15.08.2002<\/td><td>Er\u00f6ffnung meiner Ordination als Wahlarzt f\u00fcr Allgemeinmedizin, Klassische Hom\u00f6opathie<\/td><\/tr><tr><td>&nbsp;<\/td><td>&nbsp;<\/td><\/tr><tr><td>&nbsp;<\/td><td>&nbsp;<\/td><\/tr><tr><td><strong>Zusatzausbildungen<\/strong><\/td><td>&nbsp;<\/td><\/tr><tr><td>Seit 1994<\/td><td>Regelm\u00e4\u00dfige Teilnahme an hom\u00f6opathischen Fortbildungen bei international anerkannten Hom\u00f6opathen aus \u00d6sterreich, Deutschland, Schweiz, Belgien, USA, Kanada.<\/td><\/tr><tr><td>Seit 2003<\/td><td>Gutachter f\u00fcr das <a href=\"http:\/\/www.sozialministeriumservice.at\/\" target=\"_blank\" rel=\"noopener\">Sozialministeriumservice<\/a>: Erstellung von Gutachten f\u00fcr die erh\u00f6hte <a href=\"http:\/\/www.help.gv.at\/Portal.Node\/hlpd\/public\/content\/122\/Seite.1220330.html\" target=\"_blank\" rel=\"noopener\">Familienbeihilfe <\/a>(Behinderungen nach dem FLAG)<\/td><\/tr><tr><td>14.06.2005<\/td><td><a href=\"http:\/\/www.aerztekammer.at\" target=\"_blank\" rel=\"noopener\">\u00d6\u00c4K<\/a>-Diplom Komplement\u00e4re Medizin Hom\u00f6opathie: Abgeschlossen bei der <a href=\"http:\/\/www.aekh.at\/\" target=\"_blank\" rel=\"noopener\">\u00c4rztegesellschaft f\u00fcr Klassische Hom\u00f6opathie<\/a><\/td><\/tr><tr><td>10\/2007 bis 07\/2008<\/td><td>Lehrgang \u00d6\u00c4K-Diplom \u201ePsychosoziale Medizin\u201c<\/td><\/tr><tr><td>03\/2012 bis 11\/2013<\/td><td>Lehrgang Entwicklungs- und Sozialp\u00e4diatrie der <a href=\"http:\/\/www.kinderjugendgesundheit.at\/\" target=\"_blank\" rel=\"noopener\">\u00d6sterreichischen Liga f\u00fcr Kinder- und Jugendgesundheit<\/a><\/td><\/tr><tr><td>06-09\/2016<\/td><td>Basiscurriculum in <a href=\"http:\/\/www.luise-reddemann.de\" target=\"_blank\" rel=\"noopener\">Psychodynamisch Imaginative Traumatherapie<\/a> (PITT) nach Luise Reddemann<\/td><\/tr><\/tbody><\/table><\/figure>\n<\/div><\/div>\n<\/div>\n<\/div>\n<\/div><\/div>\n\n\n\n<p><\/p>\n","protected":false},"excerpt":{"rendered":"<p>Dr. Edgar Gubo Geboren 1972 in Grieskirchen, aufgewachsen in Waizenkirchen Ausbildung 1990-1997 Medizinstudium an der Universit\u00e4t Wien 02.07.1997 Promotion zum Doktor der gesamten Heilkunde 1999-2002 Ausbildung zum Arzt f\u00fcr Allgemeinmedizin an folgenden Stellen: &nbsp; Krankenhaus der Elisabethinen Linz &nbsp; Wagner Jauregg Landes-Nervenklinik Linz &nbsp; Landesfrauenklinik Linz &nbsp; Landeskinderklinik Linz &nbsp;\u2026<\/p>\n<p> <a class=\"continue-reading-link\" href=\"https:\/\/www.dr-gubo.at\/cms\/index.php\/dr-edgar-gubo\/\"><span>Lesen Sie bitte weiter&#8230;<\/span><i class=\"crycon-right-dir\"><\/i><\/a> <\/p>\n","protected":false},"author":1,"featured_media":0,"parent":0,"menu_order":0,"comment_status":"closed","ping_status":"closed","template":"templates\/template-onecolumn.php","meta":{"footnotes":""},"class_list":["post-450","page","type-page","status-publish","hentry"],"jetpack_sharing_enabled":true,"_links":{"self":[{"href":"https:\/\/www.dr-gubo.at\/cms\/index.php\/wp-json\/wp\/v2\/pages\/450","targetHints":{"allow":["GET"]}}],"collection":[{"href":"https:\/\/www.dr-gubo.at\/cms\/index.php\/wp-json\/wp\/v2\/pages"}],"about":[{"href":"https:\/\/www.dr-gubo.at\/cms\/index.php\/wp-json\/wp\/v2\/types\/page"}],"author":[{"embeddable":true,"href":"https:\/\/www.dr-gubo.at\/cms\/index.php\/wp-json\/wp\/v2\/users\/1"}],"replies":[{"embeddable":true,"href":"https:\/\/www.dr-gubo.at\/cms\/index.php\/wp-json\/wp\/v2\/comments?post=450"}],"version-history":[{"count":32,"href":"https:\/\/www.dr-gubo.at\/cms\/index.php\/wp-json\/wp\/v2\/pages\/450\/revisions"}],"predecessor-version":[{"id":838,"href":"https:\/\/www.dr-gubo.at\/cms\/index.php\/wp-json\/wp\/v2\/pages\/450\/revisions\/838"}],"wp:attachment":[{"href":"https:\/\/www.dr-gubo.at\/cms\/index.php\/wp-json\/wp\/v2\/media?parent=450"}],"curies":[{"name":"wp","href":"https:\/\/api.w.org\/{rel}","templated":true}]}}