{"id":448,"date":"2016-12-02T21:20:01","date_gmt":"2016-12-02T20:20:01","guid":{"rendered":"http:\/\/www.dr-gubo.at\/cms\/?page_id=448"},"modified":"2025-06-04T17:50:00","modified_gmt":"2025-06-04T15:50:00","slug":"dr-friderike-gubo","status":"publish","type":"page","link":"https:\/\/www.dr-gubo.at\/cms\/index.php\/dr-friderike-gubo\/","title":{"rendered":"Dr. Friderike Gubo"},"content":{"rendered":"<p><a href=\"https:\/\/www.dr-gubo.at\/cms\/wp-content\/uploads\/2016\/12\/gubo233.jpg\" rel=\"lightbox-0\"><img loading=\"lazy\" decoding=\"async\" class=\"alignnone wp-image-563\" src=\"https:\/\/www.dr-gubo.at\/cms\/wp-content\/uploads\/2016\/12\/gubo233-200x300.jpg\" alt=\"\" width=\"165\" height=\"239\" \/><\/a><\/p>\n<h3><strong>Dr. Friderike Gubo<\/strong><\/h3>\n<p>Geboren 1971 in Washington D.C., aufgewachsen in Wien und Heidelberg<\/p>\n<table border=\"0\" width=\"97%\" cellspacing=\"0\" cellpadding=\"0\">\n<tbody>\n<tr>\n<td colspan=\"0\" valign=\"top\"><strong>Ausbildung <\/strong><\/td>\n<\/tr>\n<tr>\n<td valign=\"top\" width=\"13%\">1990-1997<\/td>\n<td valign=\"top\" width=\"87%\">Medizinstudium an den Universit\u00e4ten <a href=\"http:\/\/www.univie.ac.at\/\" target=\"_blank\">Wien<\/a> und <a href=\"http:\/\/www.ku.dk\/\" target=\"_blank\">Kopenhagen<\/a><\/td>\n<\/tr>\n<tr>\n<td valign=\"top\">18.07.1997<\/td>\n<td valign=\"top\">Promotion zum Doktor der gesamten Heilkunde<\/td>\n<\/tr>\n<tr>\n<td valign=\"top\">1997-1999<\/td>\n<td valign=\"top\">Universit\u00e4tsklinik f\u00fcr <a href=\"http:\/\/www.kinderklinik.meduniwien.ac.at\" target=\"_blank\">Kinder- und Jugendheilkunde<\/a> Wien Nephrologische Ambulanz<\/td>\n<\/tr>\n<tr>\n<td valign=\"top\">1999-2004<\/td>\n<td valign=\"top\">Ausbildung zum Arzt f\u00fcr Allgemeinmedizin an folgenden Stellen:<\/td>\n<\/tr>\n<tr>\n<td valign=\"top\"><\/td>\n<td valign=\"top\"><a href=\"http:\/\/www.lkh-gmunden.at\/\" target=\"_blank\">LKH Buchberg (Gmunden)<\/a><\/td>\n<\/tr>\n<tr>\n<td valign=\"top\"><\/td>\n<td valign=\"top\"><a href=\"http:\/\/www.lkh-steyr.at\/\" target=\"_blank\">LKH Steyr<\/a><\/td>\n<\/tr>\n<tr>\n<td valign=\"top\"><\/td>\n<td valign=\"top\"><a href=\"http:\/\/www.kepleruniklinikum.at\" target=\"_blank\">Landesfrauenklinik<\/a> Linz<\/td>\n<\/tr>\n<tr>\n<td valign=\"top\"><\/td>\n<td valign=\"top\"><a href=\"http:\/\/www.elisabethinen.or.at\/\" target=\"_blank\">Krankenhaus der Elisabethinen<\/a> Linz<\/td>\n<\/tr>\n<tr>\n<td valign=\"top\"><\/td>\n<td valign=\"top\"><a href=\"http:\/\/www.christian-doppler-klinik.at\/\" target=\"_blank\">Christian Doppler Klinik<\/a> Salzburg<\/td>\n<\/tr>\n<tr>\n<td valign=\"top\"><\/td>\n<td valign=\"top\">Lehrpraxis bei Dr. Povysil Linz (HNO) und Dr. Panhofer Ungenach (Allgemeinmedizin)<\/td>\n<\/tr>\n<tr>\n<td valign=\"top\">17.01.2004<\/td>\n<td valign=\"top\">Pr\u00fcfung zum Arzt f\u00fcr Allgemeinmedizin<\/td>\n<\/tr>\n<tr>\n<td valign=\"top\">16.08.2004<\/td>\n<td valign=\"top\">Er\u00f6ffnung meiner Ordination als Wahlarzt f\u00fcr Allgemeinmedizin, Klassische Hom\u00f6opathie<\/td>\n<\/tr>\n<tr>\n<td valign=\"top\"><\/td>\n<td valign=\"top\"><\/td>\n<\/tr>\n<tr>\n<td valign=\"top\"><strong>Zusatzausbildungen<\/strong><\/td>\n<td valign=\"top\"><\/td>\n<\/tr>\n<tr>\n<td valign=\"top\">Seit 1995<\/td>\n<td valign=\"top\">Regelm\u00e4\u00dfige Teilnahme an hom\u00f6opathischen Fortbildungen bei international anerkannten Hom\u00f6opathen aus \u00d6sterreich, Deutschland, Italien, der Schweiz und Belgien<\/td>\n<\/tr>\n<tr>\n<td valign=\"top\">17.12.1999<\/td>\n<td valign=\"top\">Abschlusspr\u00fcfung des Dreimonatsintensivkurs f\u00fcr Klassische Hom\u00f6opathie der <a href=\"http:\/\/www.hahnemann-gesellschaft.de\/\" target=\"_blank\">Hahnemann Gesellschaft<\/a> in Augsburg (Deutschland)<\/td>\n<\/tr>\n<tr>\n<td valign=\"top\">2001-2003<\/td>\n<td valign=\"top\">Teilnahme an Kursen f\u00fcr Akupunktmassage nach Penzel<\/td>\n<\/tr>\n<tr>\n<td valign=\"top\">27.07.2003<\/td>\n<td valign=\"top\"><a href=\"http:\/\/www.aerztekammer.at\" target=\"_blank\">\u00d6\u00c4K<\/a>-Diplom Komplement\u00e4re Medizin Diagnostik und Therapie nach <a href=\"http:\/\/www.fxmayr.com\" target=\"_blank\">Dr. F.X. Mayr<\/a><\/td>\n<\/tr>\n<tr>\n<td valign=\"top\">10\/2007 bis 07\/2008<\/td>\n<td valign=\"top\">Lehrgang \u00d6\u00c4K-Diplom \u201ePsychosoziale Medizin\u201c<\/td>\n<\/tr>\n<tr>\n<td valign=\"top\">03\/2012 bis 11\/2013<\/td>\n<td valign=\"top\">Lehrgang Entwicklungs- und Sozialp\u00e4diatrie der <a href=\"http:\/\/www.kinderjugendgesundheit.at\" target=\"_blank\">\u00d6sterreichischen Liga f\u00fcr Kinder- und Jugendgesundheit<\/a><\/td>\n<\/tr>\n<tr>\n<td valign=\"top\">17.11.2015<\/td>\n<td valign=\"top\"><a href=\"http:\/\/www.aerztekammer.at\" target=\"_blank\">\u00d6\u00c4K<\/a>-Diplom Komplement\u00e4re Medizin Hom\u00f6opathie absolviert bei der <a href=\"http:\/\/www.aekh.at\" target=\"_blank\">\u00c4rztegesellschaft f\u00fcr Klassische Hom\u00f6opathie<\/a><\/td>\n<\/tr>\n<tr>\n<td valign=\"top\">12\/2015 bis 11\/2016<\/td>\n<td valign=\"top\">Hypnoseausbildung bei der <a href=\"http:\/\/www.oegzh.at\" target=\"_blank\">\u00d6sterreichischen Gesellschaft f\u00fcr \u00e4rztliche und zahn\u00e4rztliche Hypnose<\/a><\/td>\n<\/tr>\n<tr>\n<td valign=\"top\">06-09\/2016<\/td>\n<td valign=\"top\">Basiscurriculum in <a href=\"http:\/\/www.luise-reddemann.de\" target=\"_blank\">Psychodynamisch Imaginative Traumatherapie <\/a>(PITT) nach Luise Reddemann<\/td>\n<\/tr>\n<\/tbody>\n<\/table>\n\n\n<p><\/p>\n","protected":false},"excerpt":{"rendered":"<p>Dr. Friderike Gubo Geboren 1971 in Washington D.C., aufgewachsen in Wien und Heidelberg Ausbildung 1990-1997 Medizinstudium an den Universit\u00e4ten Wien und Kopenhagen 18.07.1997 Promotion zum Doktor der gesamten Heilkunde 1997-1999 Universit\u00e4tsklinik f\u00fcr Kinder- und Jugendheilkunde Wien Nephrologische Ambulanz 1999-2004 Ausbildung zum Arzt f\u00fcr Allgemeinmedizin an folgenden Stellen: LKH Buchberg (Gmunden)\u2026<\/p>\n<p> <a class=\"continue-reading-link\" href=\"https:\/\/www.dr-gubo.at\/cms\/index.php\/dr-friderike-gubo\/\"><span>Lesen Sie bitte weiter&#8230;<\/span><i class=\"crycon-right-dir\"><\/i><\/a> <\/p>\n","protected":false},"author":1,"featured_media":0,"parent":0,"menu_order":0,"comment_status":"closed","ping_status":"closed","template":"templates\/template-onecolumn.php","meta":{"footnotes":""},"class_list":["post-448","page","type-page","status-publish","hentry"],"jetpack_sharing_enabled":true,"_links":{"self":[{"href":"https:\/\/www.dr-gubo.at\/cms\/index.php\/wp-json\/wp\/v2\/pages\/448","targetHints":{"allow":["GET"]}}],"collection":[{"href":"https:\/\/www.dr-gubo.at\/cms\/index.php\/wp-json\/wp\/v2\/pages"}],"about":[{"href":"https:\/\/www.dr-gubo.at\/cms\/index.php\/wp-json\/wp\/v2\/types\/page"}],"author":[{"embeddable":true,"href":"https:\/\/www.dr-gubo.at\/cms\/index.php\/wp-json\/wp\/v2\/users\/1"}],"replies":[{"embeddable":true,"href":"https:\/\/www.dr-gubo.at\/cms\/index.php\/wp-json\/wp\/v2\/comments?post=448"}],"version-history":[{"count":13,"href":"https:\/\/www.dr-gubo.at\/cms\/index.php\/wp-json\/wp\/v2\/pages\/448\/revisions"}],"predecessor-version":[{"id":836,"href":"https:\/\/www.dr-gubo.at\/cms\/index.php\/wp-json\/wp\/v2\/pages\/448\/revisions\/836"}],"wp:attachment":[{"href":"https:\/\/www.dr-gubo.at\/cms\/index.php\/wp-json\/wp\/v2\/media?parent=448"}],"curies":[{"name":"wp","href":"https:\/\/api.w.org\/{rel}","templated":true}]}}