{"id":236,"date":"2016-06-28T13:38:06","date_gmt":"2016-06-28T11:38:06","guid":{"rendered":"http:\/\/www.dr-gubo.at\/cms\/?page_id=236"},"modified":"2025-06-04T17:36:46","modified_gmt":"2025-06-04T15:36:46","slug":"wahlaerzte-fuer-allgemeinmedizin-fuer-alle-kassen","status":"publish","type":"page","link":"https:\/\/www.dr-gubo.at\/cms\/index.php\/wahlaerzte-fuer-allgemeinmedizin-fuer-alle-kassen\/","title":{"rendered":"Wir sind Fach\u00e4rzte f\u00fcr Allgemeinmedizin und Familienmedizin als Wahl\u00e4rzte"},"content":{"rendered":"<p><img loading=\"lazy\" decoding=\"async\" class=\"alignnone size-full wp-image-325\" src=\"https:\/\/www.dr-gubo.at\/cms\/wp-content\/uploads\/2016\/11\/bild3.jpg\" alt=\"bild3\" width=\"1280\" height=\"400\" srcset=\"https:\/\/www.dr-gubo.at\/cms\/wp-content\/uploads\/2016\/11\/bild3.jpg 1280w, https:\/\/www.dr-gubo.at\/cms\/wp-content\/uploads\/2016\/11\/bild3-300x94.jpg 300w, https:\/\/www.dr-gubo.at\/cms\/wp-content\/uploads\/2016\/11\/bild3-768x240.jpg 768w, https:\/\/www.dr-gubo.at\/cms\/wp-content\/uploads\/2016\/11\/bild3-1024x320.jpg 1024w, https:\/\/www.dr-gubo.at\/cms\/wp-content\/uploads\/2016\/11\/bild3-250x78.jpg 250w, https:\/\/www.dr-gubo.at\/cms\/wp-content\/uploads\/2016\/11\/bild3-150x47.jpg 150w\" sizes=\"auto, (max-width: 1280px) 100vw, 1280px\" \/><\/p>\n<h4><strong>Honorar<\/strong><\/h4>\n<p>Die Verrechnung erfolgt nach entstandenem Zeitaufwand entsprechend eines festgelegten Stundensatzes. Genauere Ausk\u00fcnfte erhalten Sie gerne bei unserer Sekret\u00e4rin.<\/p>\n<h4><strong>Honorrarr\u00fcckerstattung<\/strong><\/h4>\n<p>Eine hom\u00f6opathische Behandlung wird von den Krankenversicherungstr\u00e4gern nicht verg\u00fctet. R\u00fcckerstattet werden lediglich Leistungen, die im Leistungskatalog der jeweiligen Krankenkasse aufgef\u00fchrt sind wie z.B. Ordinationsbesuch, Hausbesuch, therapeutische Aussprache, Blutabnahme etc.. Da wir als Wahl\u00e4rzte keinen Vertrag mit den Krankenversicherungstr\u00e4gern haben, k\u00f6nnen wir nicht direkt mit der Kasse abrechnen. Sie haben aber die M\u00f6glichkeit unsere Honorarnoten gemeinsam mit dem Einzahlungsbeleg bei Ihrer <b>gesetzlichen Krankenkasse<\/b> einzureichen.<\/p>\n<p>Bei R\u00fcckerstattungsschwierigkeiten wenden Sie sich bitte an die Patienten-Servicestelle der <a href=\"http:\/\/www.aekooe.or.at\/\" target=\"_blank\" rel=\"noopener noreferrer\">\u00c4rztekammer f\u00fcr O\u00d6<\/a> (Tel.: 0810\/200216 zum Ortstarif, Mo-Do: 8.30-11.30).<\/p>\n<p>Sie k\u00f6nnen folgende Formulare verwenden, um eine Honorarr\u00fcckerstattung zu beantragen:<\/p>\n<p><img loading=\"lazy\" decoding=\"async\" src=\"http:\/\/www.dr-gubo.at\/images\/ico_pdf.gif\" alt=\"icon\" width=\"16\" height=\"16\" border=\"0\" \/>\u00a0<a href=\"http:\/\/www.dr-gubo.at\/pdf\/honorar_ooe.pdf\" target=\"_blank\" rel=\"noopener noreferrer\">R\u00fcckerstattungsformular Ober\u00f6sterreich<\/a><br \/>\n<img loading=\"lazy\" decoding=\"async\" src=\"http:\/\/www.dr-gubo.at\/images\/ico_pdf.gif\" alt=\"icon\" width=\"16\" height=\"16\" border=\"0\" \/>\u00a0<a href=\"http:\/\/www.dr-gubo.at\/pdf\/honorar_sbg.pdf\" target=\"_blank\" rel=\"noopener noreferrer\">R\u00fcckerstattungsformular Salzburg<\/a><\/p>\n<p>Zum \u00d6ffnen ben\u00f6tigen dieser Dateien Sie den kostenlosen <a href=\"http:\/\/www.adobe.de\/products\/acrobat\/readstep2.html\" target=\"_blank\" rel=\"noopener noreferrer\">Acrobat Reader<\/a>.<\/p>\n<h4><strong>Zusatzversicherung<\/strong><\/h4>\n<p>Verschiedene Versicherungen (z.B. MUKI, Allianz, Merkur, Wiener St\u00e4dtische, Uniqua) bieten Privatarztversicherungen an, welche die Kosten f\u00fcr Wahl\u00e4rzte u.a. hom\u00f6opathische Behandlungen \u00fcbernehmen. <b>Vor allem bei chronisch Kranken und Kindern empfehlen wir den Abschluss solch einer Versicherung, da diese \u00f6fter krank werden und h\u00e4ufigere Arztbesuche ben\u00f6tigen.<\/b> Unter Umst\u00e4nden kann dann die Jahrespr\u00e4mie geringer sein als die Summe der Honorarnoten.<\/p>\n<p>Die Monatspr\u00e4mien f\u00fcr solche Versicherungen sind unter anderem abh\u00e4ngig vom Alter und den Leistungen und liegen derzeit je nach Versicherung mindestens bei:<\/p>\n<ul>\n<li>f\u00fcr Kinder bis 18 Jahre: ab 16.-<\/li>\n<li>20-40 J\u00e4hrige: ab 28.-<\/li>\n<li>40-60 J\u00e4hrige: ab 43.-<\/li>\n<\/ul>\n<p><b>Ein Beispiel:<\/b> Sie zahlen f\u00fcr ein alleinversichertes Kind zwischen 0 und 18 Jahren pro Jahr eine Pr\u00e4mie von 192.- Euro. Daf\u00fcr k\u00f6nnen Sie pro Jahr Leistungen bis maximal 1615.- Euro von der Versicherung verg\u00fcten lassen.<\/p>\n<p>Zu beachten ist:<\/p>\n<ul>\n<li>Es kann Wartezeiten von drei Monaten geben; erst dann k\u00f6nnen Sie Honorare verg\u00fcten lassen.<\/li>\n<li>Die Versicherung kann Erkrankungen, die bei der Antragstellung bereits vorliegen von der Versicherung ausschlie\u00dfen, gegen einen Pr\u00e4mienzuschlag miteinbeziehen oder f\u00fcr diese Erkrankung eine l\u00e4ngere Wartezeit festlegen. D.h. wenn Sie z.B. wegen Asthma Ihres Kindes Hom\u00f6opathie in Anspruch nehmen wollen, k\u00f6nnen Sie Rechnungen mit dieser Diagnose nicht einreichen. Rechnungen zu anderen Erkrankungen wie z.B. Mittelohrentz\u00fcndung, Durchfall, Hautausschlag etc. k\u00f6nnen aber verg\u00fctet werden.<\/li>\n<li>Laufzeit: meist 3 Jahre<\/li>\n<li>Kinderpr\u00e4mien sind g\u00fcnstiger bei gemeinsamer Versicherung mit einem Elternteil<\/li>\n<\/ul>\n<p>Wir haben einige Fallbeispiele zum Vergleich in dieser <a href=\"https:\/\/www.dr-gubo.at\/cms\/wp-content\/uploads\/2020\/03\/Privatarztversicherungen_0319.pdf\" target=\"_blank\" rel=\"noopener noreferrer\">\u00dcbersicht<\/a> dargestellt.<\/p>\n<p><b>Sollten Sie eine solche Privatarztversicherung abschlie\u00dfen wollen oder abgeschlossen haben, bitten wir Sie, uns das jedenfalls mitzuteilen<\/b>, damit wir Ihnen die Vorgangsweise f\u00fcr die R\u00fcckerstattung erkl\u00e4ren k\u00f6nnen.<\/p>\n<h4><strong>Steuerliche Absetzbarkeit<\/strong><\/h4>\n<p>Sie k\u00f6nnen die Behandlungskosten eventuell auch als au\u00dferordentliche Belastung steuerlich absetzen. Sprechen Sie mit Ihrem Finanzamt oder Steuerberater dar\u00fcber.<\/p>\n","protected":false},"excerpt":{"rendered":"<p>Honorar Die Verrechnung erfolgt nach entstandenem Zeitaufwand entsprechend eines festgelegten Stundensatzes. Genauere Ausk\u00fcnfte erhalten Sie gerne bei unserer Sekret\u00e4rin. Honorrarr\u00fcckerstattung Eine hom\u00f6opathische Behandlung wird von den Krankenversicherungstr\u00e4gern nicht verg\u00fctet. R\u00fcckerstattet werden lediglich Leistungen, die im Leistungskatalog der jeweiligen Krankenkasse aufgef\u00fchrt sind wie z.B. Ordinationsbesuch, Hausbesuch, therapeutische Aussprache, Blutabnahme etc.. Da\u2026<\/p>\n<p> <a class=\"continue-reading-link\" href=\"https:\/\/www.dr-gubo.at\/cms\/index.php\/wahlaerzte-fuer-allgemeinmedizin-fuer-alle-kassen\/\"><span>Lesen Sie bitte weiter&#8230;<\/span><i class=\"crycon-right-dir\"><\/i><\/a> <\/p>\n","protected":false},"author":1,"featured_media":0,"parent":0,"menu_order":0,"comment_status":"closed","ping_status":"closed","template":"templates\/template-onecolumn.php","meta":{"footnotes":""},"class_list":["post-236","page","type-page","status-publish","hentry"],"jetpack_sharing_enabled":true,"_links":{"self":[{"href":"https:\/\/www.dr-gubo.at\/cms\/index.php\/wp-json\/wp\/v2\/pages\/236","targetHints":{"allow":["GET"]}}],"collection":[{"href":"https:\/\/www.dr-gubo.at\/cms\/index.php\/wp-json\/wp\/v2\/pages"}],"about":[{"href":"https:\/\/www.dr-gubo.at\/cms\/index.php\/wp-json\/wp\/v2\/types\/page"}],"author":[{"embeddable":true,"href":"https:\/\/www.dr-gubo.at\/cms\/index.php\/wp-json\/wp\/v2\/users\/1"}],"replies":[{"embeddable":true,"href":"https:\/\/www.dr-gubo.at\/cms\/index.php\/wp-json\/wp\/v2\/comments?post=236"}],"version-history":[{"count":11,"href":"https:\/\/www.dr-gubo.at\/cms\/index.php\/wp-json\/wp\/v2\/pages\/236\/revisions"}],"predecessor-version":[{"id":831,"href":"https:\/\/www.dr-gubo.at\/cms\/index.php\/wp-json\/wp\/v2\/pages\/236\/revisions\/831"}],"wp:attachment":[{"href":"https:\/\/www.dr-gubo.at\/cms\/index.php\/wp-json\/wp\/v2\/media?parent=236"}],"curies":[{"name":"wp","href":"https:\/\/api.w.org\/{rel}","templated":true}]}}