{"id":232,"date":"2016-06-28T13:35:57","date_gmt":"2016-06-28T11:35:57","guid":{"rendered":"http:\/\/www.dr-gubo.at\/cms\/?page_id=232"},"modified":"2016-12-14T16:14:28","modified_gmt":"2016-12-14T15:14:28","slug":"mutter-kind-pass","status":"publish","type":"page","link":"https:\/\/www.dr-gubo.at\/cms\/index.php\/mutter-kind-pass\/","title":{"rendered":"Mutter-Kind-Pass"},"content":{"rendered":"<p><img loading=\"lazy\" decoding=\"async\" class=\"alignnone size-full wp-image-468\" src=\"https:\/\/www.dr-gubo.at\/cms\/wp-content\/uploads\/2016\/02\/mutterkind.jpg\" alt=\"mutterkind\" width=\"1280\" height=\"350\" srcset=\"https:\/\/www.dr-gubo.at\/cms\/wp-content\/uploads\/2016\/02\/mutterkind.jpg 1280w, https:\/\/www.dr-gubo.at\/cms\/wp-content\/uploads\/2016\/02\/mutterkind-300x82.jpg 300w, https:\/\/www.dr-gubo.at\/cms\/wp-content\/uploads\/2016\/02\/mutterkind-768x210.jpg 768w, https:\/\/www.dr-gubo.at\/cms\/wp-content\/uploads\/2016\/02\/mutterkind-1024x280.jpg 1024w, https:\/\/www.dr-gubo.at\/cms\/wp-content\/uploads\/2016\/02\/mutterkind-250x68.jpg 250w, https:\/\/www.dr-gubo.at\/cms\/wp-content\/uploads\/2016\/02\/mutterkind-150x41.jpg 150w\" sizes=\"auto, (max-width: 1280px) 100vw, 1280px\" \/><\/p>\n<p>Der Mutter-Kind-Pass dient der gesundheitlichen Vorsorge f\u00fcr Schwangere und Kleinkinder. Er beinhaltet die im Mutter-Kind-Pass-Programm vorgesehenen \u00e4rztlichen Untersuchungen w\u00e4hrend der Schwangerschaft und bis zum 5. Lebensjahr des Kindes. Der Mutter-Kind-Pass ist ebenso wie alle im Mutter-Kind-Pass-Programm enthaltenen Untersuchungen f\u00fcr Sie bei Inanspruchnahme von Vertrag\u00e4rztinnen\/Vertrags\u00e4rzten der Sozialversicherungstr\u00e4ger kostenlos.<\/p>\n<p><strong>Vor der Geburt <\/strong>sind<strong> f\u00fcnf gyn\u00e4kologische Untersuchungen<\/strong> vorgesehen. Bei drei dieser Untersuchungen wird jeweils eine Ultraschalluntersuchung durchgef\u00fchrt.<\/p>\n<p><strong>Nach der Geburt <\/strong>sind insgesamt<strong> zehnUntersuchungen des Kindes<\/strong> bis zum 5. Lebensjahr vorgesehen.<\/p>\n<p>Dabei werden unter anderem der allgemeine Gesundheitszustand, das Wachstum, das Sehen, das H\u00f6ren und die altersgerechte Entwicklung kontrolliert und in den Mutter-Kind-Pass eingetragen. Durch diese regelm\u00e4\u00dfigen Untersuchungen k\u00f6nnen Verz\u00f6gerungen in der Entwicklung und Erkrankungen fr\u00fchzeitig entdeckt und behandelt werden.<\/p>\n<h4>Formales<\/h4>\n<p>Den Mutter-Kind-Pass kann jede schwangere Frau bekommen, auch wenn sie nicht \u00f6sterreichische Staatsb\u00fcrgerin ist.<\/p>\n<p>F\u00fcr den Bezug von <a href=\"https:\/\/www.help.gv.at\/Portal.Node\/hlpd\/public\/content\/8\/Seite.080600.html?template=microsite\" target=\"_blank\">Kinderbetreuungsgeld<\/a> m\u00fcssen Sie f\u00fcnf Untersuchungen w\u00e4hrend der Schwangerschaft und die f\u00fcnf Untersuchungen in den ersten 14 Lebensmonaten des Kindes korrekt durchf\u00fchren lassen und diese auch nachweisen.<\/p>\n<p>Die erste Mutter-Kind-Pass-Untersuchung der Schwangeren muss grunds\u00e4tzlich bis zum Ende der 16.\u00a0Schwangerschaftswoche erfolgen.<\/p>\n<p>Die erste Mutter-Kind-Pass-Untersuchung des Kindes muss grunds\u00e4tzlich in der 1. Lebenswoche vorgenommen werden.<\/p>\n<p>&nbsp;<\/p>\n<p>&nbsp;<\/p>\n","protected":false},"excerpt":{"rendered":"<p>Der Mutter-Kind-Pass dient der gesundheitlichen Vorsorge f\u00fcr Schwangere und Kleinkinder. Er beinhaltet die im Mutter-Kind-Pass-Programm vorgesehenen \u00e4rztlichen Untersuchungen w\u00e4hrend der Schwangerschaft und bis zum 5. Lebensjahr des Kindes. Der Mutter-Kind-Pass ist ebenso wie alle im Mutter-Kind-Pass-Programm enthaltenen Untersuchungen f\u00fcr Sie bei Inanspruchnahme von Vertrag\u00e4rztinnen\/Vertrags\u00e4rzten der Sozialversicherungstr\u00e4ger kostenlos. Vor der Geburt\u2026<\/p>\n<p> <a class=\"continue-reading-link\" href=\"https:\/\/www.dr-gubo.at\/cms\/index.php\/mutter-kind-pass\/\"><span>Lesen Sie bitte weiter&#8230;<\/span><i class=\"crycon-right-dir\"><\/i><\/a> <\/p>\n","protected":false},"author":1,"featured_media":0,"parent":0,"menu_order":0,"comment_status":"closed","ping_status":"closed","template":"templates\/template-onecolumn.php","meta":{"footnotes":""},"class_list":["post-232","page","type-page","status-publish","hentry"],"jetpack_sharing_enabled":true,"_links":{"self":[{"href":"https:\/\/www.dr-gubo.at\/cms\/index.php\/wp-json\/wp\/v2\/pages\/232","targetHints":{"allow":["GET"]}}],"collection":[{"href":"https:\/\/www.dr-gubo.at\/cms\/index.php\/wp-json\/wp\/v2\/pages"}],"about":[{"href":"https:\/\/www.dr-gubo.at\/cms\/index.php\/wp-json\/wp\/v2\/types\/page"}],"author":[{"embeddable":true,"href":"https:\/\/www.dr-gubo.at\/cms\/index.php\/wp-json\/wp\/v2\/users\/1"}],"replies":[{"embeddable":true,"href":"https:\/\/www.dr-gubo.at\/cms\/index.php\/wp-json\/wp\/v2\/comments?post=232"}],"version-history":[{"count":7,"href":"https:\/\/www.dr-gubo.at\/cms\/index.php\/wp-json\/wp\/v2\/pages\/232\/revisions"}],"predecessor-version":[{"id":475,"href":"https:\/\/www.dr-gubo.at\/cms\/index.php\/wp-json\/wp\/v2\/pages\/232\/revisions\/475"}],"wp:attachment":[{"href":"https:\/\/www.dr-gubo.at\/cms\/index.php\/wp-json\/wp\/v2\/media?parent=232"}],"curies":[{"name":"wp","href":"https:\/\/api.w.org\/{rel}","templated":true}]}}