{"id":223,"date":"2016-06-28T13:32:12","date_gmt":"2016-06-28T11:32:12","guid":{"rendered":"http:\/\/www.dr-gubo.at\/cms\/?page_id=223"},"modified":"2023-08-19T14:26:35","modified_gmt":"2023-08-19T12:26:35","slug":"anfahrt","status":"publish","type":"page","link":"https:\/\/www.dr-gubo.at\/cms\/index.php\/anfahrt\/","title":{"rendered":"Anfahrt"},"content":{"rendered":"<p><img loading=\"lazy\" decoding=\"async\" class=\"alignnone size-full wp-image-462\" src=\"https:\/\/www.dr-gubo.at\/cms\/wp-content\/uploads\/2016\/02\/bild534.jpg\" alt=\"bild534\" width=\"1280\" height=\"350\" srcset=\"https:\/\/www.dr-gubo.at\/cms\/wp-content\/uploads\/2016\/02\/bild534.jpg 1280w, https:\/\/www.dr-gubo.at\/cms\/wp-content\/uploads\/2016\/02\/bild534-300x82.jpg 300w, https:\/\/www.dr-gubo.at\/cms\/wp-content\/uploads\/2016\/02\/bild534-768x210.jpg 768w, https:\/\/www.dr-gubo.at\/cms\/wp-content\/uploads\/2016\/02\/bild534-1024x280.jpg 1024w, https:\/\/www.dr-gubo.at\/cms\/wp-content\/uploads\/2016\/02\/bild534-250x68.jpg 250w, https:\/\/www.dr-gubo.at\/cms\/wp-content\/uploads\/2016\/02\/bild534-150x41.jpg 150w\" sizes=\"auto, (max-width: 1280px) 100vw, 1280px\" \/><\/p>\n<p>Die Ordination befindet sich am Stadtplatz von V\u00f6cklabruck, im so genannten Arkadenhof.<\/p>\n<p>Mit dem <strong>Auto<\/strong> erreichen Sie V\u00f6cklabruck \u00fcber die A1 oder \u00fcber die B1.<\/p>\n<ul>\n<li>A1 &#8211; Autobahnabfahrt Regau oder Seewalchen Richtung V\u00f6cklabruck<\/li>\n<li>B1 von Regau oder Attnang kommend: Richtung Ried in die Bahnhofstra\u00dfe fahren bis zum Kreisverkehr, die dritte Ausfahrt rechts Richtung Zentrum nehmen, im n\u00e4chsten Kreisverkehr die zweite Ausfahrt weiter Richtung Zentrum nehmen, nach der Br\u00fccke geradeaus entweder auf den Stadtplatz fahren und dort parken oder vor dem unterem Stadturm rechts abbiegen und nach 100m links in die M\u00fchlbachgasse fahren und vor der R\u00fcckseite der Praxis parken.<\/li>\n<li>B1 von Timelkam kommend: nach dem Krankenhaus rechts abfahren Richtung Bezirkshauptmannschaft\/Zentrum, die Salzburgerstra\u00dfe ca. 700m entlang fahren, dann links abbiegen in den Kreisverkehr (bei Hofer und Spar) und dort parken. Eine Zufahrt zur Praxis ist nur bis zum Beginn des Stadtsaals m\u00f6glich, etwa 50m Fu\u00dfweg bis zur Praxis. Auf der rechten Seite nach dem Stadtsaal, befindet sich der Arkadenhof, den man durch einen Torbogen betreten kann.<\/li>\n<\/ul>\n<p>Parkpl\u00e4tze:<\/p>\n<ul>\n<li>Geb\u00fchrenpflichtige Kurzparkzonenparkpl\u00e4tze finden Sie am Stadtplatz, in der M\u00fchlbachgasse und in der Parkstra\u00dfe (in der Karte blaues Parkzeichen)<\/li>\n<li>Geb\u00fchrenfreie Dauerparkpl\u00e4tze finden Sie in der Parkstra\u00dfe und neben dem Musikheim an der V\u00f6ckla (in der Karte gr\u00fcne Parkzeichen) oder auf der gegen\u00fcberliegenden Flu\u00dfseite beim Hallenbad<\/li>\n<li>Kundenparkpl\u00e4tze von Hofer und Spar: ganz in der N\u00e4he k\u00f6nnen Sie auf den Parkpl\u00e4tzen von Hofer und Spar (bei Einkauf) 1 Stunde lang gratis parken<\/li>\n<\/ul>\n\n\t\t<style type=\"text\/css\">\n\t\t\t#gallery-1 {\n\t\t\t\tmargin: auto;\n\t\t\t}\n\t\t\t#gallery-1 .gallery-item {\n\t\t\t\tfloat: left;\n\t\t\t\tmargin-top: 10px;\n\t\t\t\ttext-align: center;\n\t\t\t\twidth: 50%;\n\t\t\t}\n\t\t\t#gallery-1 img {\n\t\t\t\tborder: 2px solid #cfcfcf;\n\t\t\t}\n\t\t\t#gallery-1 .gallery-caption {\n\t\t\t\tmargin-left: 0;\n\t\t\t}\n\t\t\t\/* see gallery_shortcode() in wp-includes\/media.php *\/\n\t\t<\/style>\n\t\t<div id='gallery-1' class='gallery galleryid-223 gallery-columns-2 gallery-size-medium'><dl class='gallery-item'>\n\t\t\t<dt class='gallery-icon landscape'>\n\t\t\t\t<a href='https:\/\/www.dr-gubo.at\/cms\/wp-content\/uploads\/2016\/12\/anfahrt_uebersicht_gross-2.gif' rel=\"lightbox[gallery-0]\"><img loading=\"lazy\" decoding=\"async\" width=\"300\" height=\"218\" src=\"https:\/\/www.dr-gubo.at\/cms\/wp-content\/uploads\/2016\/12\/anfahrt_uebersicht_gross-2-300x218.gif\" class=\"attachment-medium size-medium\" alt=\"\u00dcbersichtskarte\" aria-describedby=\"gallery-1-514\" srcset=\"https:\/\/www.dr-gubo.at\/cms\/wp-content\/uploads\/2016\/12\/anfahrt_uebersicht_gross-2-300x218.gif 300w, https:\/\/www.dr-gubo.at\/cms\/wp-content\/uploads\/2016\/12\/anfahrt_uebersicht_gross-2-207x150.gif 207w, https:\/\/www.dr-gubo.at\/cms\/wp-content\/uploads\/2016\/12\/anfahrt_uebersicht_gross-2-150x109.gif 150w\" sizes=\"auto, (max-width: 300px) 100vw, 300px\" \/><\/a>\n\t\t\t<\/dt>\n\t\t\t\t<dd class='wp-caption-text gallery-caption' id='gallery-1-514'>\n\t\t\t\t\u00dcbersichtskarte\n\t\t\t\t<\/dd><\/dl><dl class='gallery-item'>\n\t\t\t<dt class='gallery-icon landscape'>\n\t\t\t\t<a href='https:\/\/www.dr-gubo.at\/cms\/wp-content\/uploads\/2023\/08\/anfahrt_detail_gross-1.gif' rel=\"lightbox[gallery-0]\"><img loading=\"lazy\" decoding=\"async\" width=\"300\" height=\"217\" src=\"https:\/\/www.dr-gubo.at\/cms\/wp-content\/uploads\/2023\/08\/anfahrt_detail_gross-1-300x217.gif\" class=\"attachment-medium size-medium\" alt=\"\" aria-describedby=\"gallery-1-788\" srcset=\"https:\/\/www.dr-gubo.at\/cms\/wp-content\/uploads\/2023\/08\/anfahrt_detail_gross-1-300x217.gif 300w, https:\/\/www.dr-gubo.at\/cms\/wp-content\/uploads\/2023\/08\/anfahrt_detail_gross-1-150x109.gif 150w\" sizes=\"auto, (max-width: 300px) 100vw, 300px\" \/><\/a>\n\t\t\t<\/dt>\n\t\t\t\t<dd class='wp-caption-text gallery-caption' id='gallery-1-788'>\n\t\t\t\tDetailkarte\n\t\t\t\t<\/dd><\/dl><br style=\"clear: both\" \/>\n\t\t<\/div>\n\n<p>(Die Ordination ist mit einem roten Punkt markiert)<\/p>\n<p>V\u00f6cklabruck ist auch gut mit der <strong>Bahn<\/strong> zu erreichen:<\/p>\n<ul>\n<li>\u00d6BB oder Westbahn<\/li>\n<li>vor dem Bahnhof die Bahnhofstra\u00dfe nach rechts entlanggehen, beim Kreisverkehr nach links abbiegen ins Zentrum, geradeaus auf den Stadtplatz, rechter Hand gelangen Sie \u00fcber einen Durchgang vor dem &#8222;Stadtcafe&#8220; in den Arkadenhof (Dauer ca.15 Minuten)<\/li>\n<\/ul>\n<p>Dar\u00fcber hinaus erreichen Sie V\u00f6cklabruck mit diversen <strong>Regionalbussen<\/strong>:<\/p>\n<ul>\n<li>Vom Busbahnhof folgen Sie geradeausgehend den Hinweisschildern zum Stadtplatz: Gehen Sie weiter geradeaus, an der linken Seite gelangen Sie \u00fcber einen Durchgang nach dem &#8222;Stadtcafe&#8220; in den Arkadenhof.<\/li>\n<\/ul>\n<p>Fahplanauskunft f\u00fcr alle \u00f6ffentlichen Verkehrsmittel: Tel.: 0732\/66 10 10 66 oder <a href=\"http:\/\/www.ooevv.at\/\" target=\"_blank\" rel=\"noopener\">www.oevv.at<\/a>.<\/p>\n","protected":false},"excerpt":{"rendered":"<p>Die Ordination befindet sich am Stadtplatz von V\u00f6cklabruck, im so genannten Arkadenhof. Mit dem Auto erreichen Sie V\u00f6cklabruck \u00fcber die A1 oder \u00fcber die B1. A1 &#8211; Autobahnabfahrt Regau oder Seewalchen Richtung V\u00f6cklabruck B1 von Regau oder Attnang kommend: Richtung Ried in die Bahnhofstra\u00dfe fahren bis zum Kreisverkehr, die dritte\u2026<\/p>\n<p> <a class=\"continue-reading-link\" href=\"https:\/\/www.dr-gubo.at\/cms\/index.php\/anfahrt\/\"><span>Lesen Sie bitte weiter&#8230;<\/span><i class=\"crycon-right-dir\"><\/i><\/a> <\/p>\n","protected":false},"author":1,"featured_media":0,"parent":0,"menu_order":0,"comment_status":"closed","ping_status":"closed","template":"templates\/template-onecolumn.php","meta":{"footnotes":""},"class_list":["post-223","page","type-page","status-publish","hentry"],"jetpack_sharing_enabled":true,"_links":{"self":[{"href":"https:\/\/www.dr-gubo.at\/cms\/index.php\/wp-json\/wp\/v2\/pages\/223","targetHints":{"allow":["GET"]}}],"collection":[{"href":"https:\/\/www.dr-gubo.at\/cms\/index.php\/wp-json\/wp\/v2\/pages"}],"about":[{"href":"https:\/\/www.dr-gubo.at\/cms\/index.php\/wp-json\/wp\/v2\/types\/page"}],"author":[{"embeddable":true,"href":"https:\/\/www.dr-gubo.at\/cms\/index.php\/wp-json\/wp\/v2\/users\/1"}],"replies":[{"embeddable":true,"href":"https:\/\/www.dr-gubo.at\/cms\/index.php\/wp-json\/wp\/v2\/comments?post=223"}],"version-history":[{"count":18,"href":"https:\/\/www.dr-gubo.at\/cms\/index.php\/wp-json\/wp\/v2\/pages\/223\/revisions"}],"predecessor-version":[{"id":793,"href":"https:\/\/www.dr-gubo.at\/cms\/index.php\/wp-json\/wp\/v2\/pages\/223\/revisions\/793"}],"wp:attachment":[{"href":"https:\/\/www.dr-gubo.at\/cms\/index.php\/wp-json\/wp\/v2\/media?parent=223"}],"curies":[{"name":"wp","href":"https:\/\/api.w.org\/{rel}","templated":true}]}}