{"id":188,"date":"2016-06-28T11:46:31","date_gmt":"2016-06-28T09:46:31","guid":{"rendered":"http:\/\/www.dr-gubo.at\/cms\/?page_id=188"},"modified":"2017-07-09T09:30:38","modified_gmt":"2017-07-09T07:30:38","slug":"die-behandlung","status":"publish","type":"page","link":"https:\/\/www.dr-gubo.at\/cms\/index.php\/die-behandlung\/","title":{"rendered":"Die Behandlung"},"content":{"rendered":"<p><img loading=\"lazy\" decoding=\"async\" class=\"alignnone size-full wp-image-425\" src=\"https:\/\/www.dr-gubo.at\/cms\/wp-content\/uploads\/2016\/06\/bild5.jpg\" alt=\"bild5\" width=\"1280\" height=\"350\" srcset=\"https:\/\/www.dr-gubo.at\/cms\/wp-content\/uploads\/2016\/06\/bild5.jpg 1280w, https:\/\/www.dr-gubo.at\/cms\/wp-content\/uploads\/2016\/06\/bild5-300x82.jpg 300w, https:\/\/www.dr-gubo.at\/cms\/wp-content\/uploads\/2016\/06\/bild5-768x210.jpg 768w, https:\/\/www.dr-gubo.at\/cms\/wp-content\/uploads\/2016\/06\/bild5-1024x280.jpg 1024w, https:\/\/www.dr-gubo.at\/cms\/wp-content\/uploads\/2016\/06\/bild5-250x68.jpg 250w, https:\/\/www.dr-gubo.at\/cms\/wp-content\/uploads\/2016\/06\/bild5-150x41.jpg 150w\" sizes=\"auto, (max-width: 1280px) 100vw, 1280px\" \/><\/p>\n<h4><strong>Bestandteile einer fachgerechten Behandlung sind:<\/strong><\/h4>\n<ul>\n<li style=\"list-style-type: none;\">\n<ul>\n<li style=\"list-style-type: none;\">\n<ul>\n<li>Ausf\u00fchrliche Erhebung der Krankengeschichte:\u00a0Aktuelle und fr\u00fchere Beschwerden<\/li>\n<li>Die psychische Befindlichkeit, das soziale Umfeld, die Biographie<\/li>\n<li>Ern\u00e4hrungsgewohnheiten<\/li>\n<li>Krankheiten bei Familienangeh\u00f6rige (Blutsverwandte)<\/li>\n<li>K\u00f6rperliche Untersuchung<\/li>\n<li>Falls notwendig weitere medizinische Diagnostik (z.B. Laboruntersuchung)<\/li>\n<li>Arzneifindung<\/li>\n<li>Aufkl\u00e4rung \u00fcber M\u00f6glichkeiten, Prognose und Alternativen<\/li>\n<li>Arzneigabe und Verlaufskontrolle<\/li>\n<\/ul>\n<\/li>\n<\/ul>\n<\/li>\n<\/ul>\n<h4><strong>Arzneien<\/strong><\/h4>\n<p>Die verordnete Arznei erhalten Sie von uns entweder gleich nach dem Erstgespr\u00e4ch oder, wenn die Krankengeschichte von uns noch bearbeitet werden muss, per Post zugesandt. F\u00fcr die Arznei fallen keine zus\u00e4tzlichen Kosten an, es sei denn, die Arznei ist nicht vorr\u00e4tig und muss bestellt werden. Die hom\u00f6opathischen Arzneien sollten keiner l\u00e4ngeren, intensiven Strahlung ausgesetzt werden wie z.B. direkte Sonne, elektromagnetische Strahlung (Elektroger\u00e4te, Handy). Fluggep\u00e4ckkontrollen haben keine negative Auswirkung auf die Wirksamkeit.<\/p>\n<h4><strong>Arzneieinnahme<\/strong><\/h4>\n<p>Die Einnahme der Arzneien erfolgt \u00fcber die Mundschleimhaut, indem Sie die K\u00fcgelchen oder die Aufl\u00f6sung im Mund zergehen lassen. Einige Minuten vorher und nachher sollten Sie nichts Essen, Trinken oder Z\u00e4hne putzen.<\/p>\n<h4><strong>Erstreaktion<\/strong><\/h4>\n<p>Die Erstreaktion ist eine vor\u00fcbergehende Verst\u00e4rkung der bestehenden Beschwerden aufgrund zu hoher Dosierung oder zu gro\u00dfer Empfindlichkeit auf die gew\u00e4hlte Arznei.<\/p>\n<p>Auch fr\u00fchere oder neue Beschwerden k\u00f6nnen kurzfristig auftauchen. Dies ist ein Hinweis auf die Richtigkeit der Arzneiwahl und eine Heilwirkung. In diesem Fall muss jede weitere Arzneieinnahme eingestellt werden und das Abklingen der Reaktion abgewartet werden. Meist verschwinden all diese Beschwerden nach wenigen Tagen und es folgt eine allm\u00e4hliche Besserung der Gesundheit.<\/p>\n<h4><strong>Heilungshindernisse <\/strong><\/h4>\n<p>Da die Hom\u00f6opathie mit sehr feinen Energien arbeitet, ist es notwendig, zus\u00e4tzliche St\u00f6rfaktoren m\u00f6glichst auszuschalten:<\/p>\n<ul>\n<li><strong>\u00c4therische \u00d6le<\/strong>: Kampfer, Eukalyptus, Menthol, Pfefferminze, Kamille in Salben, B\u00e4der, Bonbons, etc. k\u00f6nnen die Wirkung der Arznei aufheben<\/li>\n<li><strong>Andere<\/strong> als von uns verordnete <strong>hom\u00f6opathische Arzneimittel<\/strong><\/li>\n<li><strong>Andere komplement\u00e4rmedizinische Methoden<\/strong> <strong>gleichzeitig<\/strong> mit der Hom\u00f6opathie: Komplexmittel, Sch\u00fcsslersalze, Bachbl\u00fcten, Kr\u00e4uterarzneien, Bioresonanz, Kinesiologie, Akupunktur etc.<\/li>\n<li>Auch <strong>\u00fcberm\u00e4\u00dfiger Genuss<\/strong><strong> von koffeinhaltigen oder stimulierenden Getr\u00e4nken <\/strong>(Kaffee, Tee, Cola, Energydrinks, Guarana etc.), kann den hom\u00f6opathischen Heilerfolg beeintr\u00e4chtigen und sollte vermieden oder verringert werden.<\/li>\n<li><strong>Substanzen individueller Unvertr\u00e4glichkeit<\/strong>: wenn Sie z.B. auf Rotwein immer Magenschmerzen bekommen, dann meiden Sie Rotwein in den ersten Monaten der Behandlung<\/li>\n<\/ul>\n<p>Bitte erw\u00e4hnen Sie auch, ob R\u00f6ntgenaufnahmen, Zahnbehandlungen, Impfungen, Fastenkuren, Kuraufenthalte in medizinischen Mineralb\u00e4dern, Operationen in Vollnarkose oder in lokaler Bet\u00e4ubung w\u00e4hrend der hom\u00f6opathischen Behandlung geplant sind.<\/p>\n<h4><strong>Akute Erkrankung oder Notfall<\/strong><\/h4>\n<p><span lang=\"DE\">Bei <strong>banalen Erkrankungen<\/strong> (Schnupfen, Halsweh, Durchfall&#8230;) k\u00f6nnen Sie sich mit <a href=\"http:\/\/www.dr-gubo.at\/index.php?navi=homoe&amp;inhalt=homoe_hausmittel\"><span style=\"color: windowtext; text-decoration: none; text-underline: none;\">Hausmitteln<\/span><\/a> Linderung verschaffen. In den meisten F\u00e4llen reicht dies aus, um in einigen Tagen wieder gesund zu sein, ohne dass \u00e4rztliche Hilfe notwendig ist. Je mehr Sie erfolgreich ohne Medikamente behandelt bzw. auch mal durchgestanden haben, desto sicherer und ruhiger werden Sie beim n\u00e4chsten Mal sein. Nebenbei lernen Sie Ihren K\u00f6rper besser einsch\u00e4tzen und gewinnen mehr Vertrauen in die F\u00e4higkeiten Ihres K\u00f6rpers, sich selbst zu helfen. <\/span><\/p>\n<p><span lang=\"DE\">Ist der Zustand f\u00fcr Sie besorgniserregend oder haben Ihnen die Hausmittel nicht geholfen, melden Sie sich bitte bei uns. <strong>Eine falsche Behandlung von Akutkrankheiten f\u00fchrt nicht selten zu einer Verschlimmerung der chronischen Beschwerden.<\/strong> <\/span><\/p>\n<p><span lang=\"DE\">Erkranken Sie <strong>abends, am Wochenende oder feiertags<\/strong> so stark, dass Sie \u00e4rztliche Hilfe ben\u00f6tigen, kontaktieren Sie bitte den <strong>\u00e4rztlichen Bereitschaftsdienst unter 141<\/strong> und folgen zun\u00e4chst der Empfehlung des Arztes. Informieren Sie uns bitte am n\u00e4chsten Werktag \u00fcber Ihren aktuellen Zustand, damit wir besprechen k\u00f6nnen, was weiter zu tun ist. <\/span><\/p>\n<h4><strong>Telefonkonsultation<\/strong><\/h4>\n<p>Der Verlauf der Behandlung sollte generell durch ein pers\u00f6nliches Gespr\u00e4ch und Untersuchung beurteilt werden. Ist dies nicht m\u00f6glich oder reicht eine kurze Schilderung\u00a0 des aktuellen Zustandes aus, um das weitere Vorgehen zu kl\u00e4ren, kann auch ein Telefongespr\u00e4ch mit uns \u00fcber die Sekret\u00e4rin vereinbart werden.<\/p>\n<p>Kurze allgemein gehaltene Telefonate werden von uns nicht verrechnet. Telefonische Folgegespr\u00e4che oder l\u00e4ngere Beratungen werden jedoch wie normale Konsultationen behandelt.<\/p>\n","protected":false},"excerpt":{"rendered":"<p>Bestandteile einer fachgerechten Behandlung sind: Ausf\u00fchrliche Erhebung der Krankengeschichte:\u00a0Aktuelle und fr\u00fchere Beschwerden Die psychische Befindlichkeit, das soziale Umfeld, die Biographie Ern\u00e4hrungsgewohnheiten Krankheiten bei Familienangeh\u00f6rige (Blutsverwandte) K\u00f6rperliche Untersuchung Falls notwendig weitere medizinische Diagnostik (z.B. Laboruntersuchung) Arzneifindung Aufkl\u00e4rung \u00fcber M\u00f6glichkeiten, Prognose und Alternativen Arzneigabe und Verlaufskontrolle Arzneien Die verordnete Arznei erhalten Sie\u2026<\/p>\n<p> <a class=\"continue-reading-link\" href=\"https:\/\/www.dr-gubo.at\/cms\/index.php\/die-behandlung\/\"><span>Lesen Sie bitte weiter&#8230;<\/span><i class=\"crycon-right-dir\"><\/i><\/a> <\/p>\n","protected":false},"author":1,"featured_media":0,"parent":0,"menu_order":0,"comment_status":"closed","ping_status":"closed","template":"templates\/template-onecolumn.php","meta":{"footnotes":""},"class_list":["post-188","page","type-page","status-publish","hentry"],"jetpack_sharing_enabled":true,"_links":{"self":[{"href":"https:\/\/www.dr-gubo.at\/cms\/index.php\/wp-json\/wp\/v2\/pages\/188","targetHints":{"allow":["GET"]}}],"collection":[{"href":"https:\/\/www.dr-gubo.at\/cms\/index.php\/wp-json\/wp\/v2\/pages"}],"about":[{"href":"https:\/\/www.dr-gubo.at\/cms\/index.php\/wp-json\/wp\/v2\/types\/page"}],"author":[{"embeddable":true,"href":"https:\/\/www.dr-gubo.at\/cms\/index.php\/wp-json\/wp\/v2\/users\/1"}],"replies":[{"embeddable":true,"href":"https:\/\/www.dr-gubo.at\/cms\/index.php\/wp-json\/wp\/v2\/comments?post=188"}],"version-history":[{"count":13,"href":"https:\/\/www.dr-gubo.at\/cms\/index.php\/wp-json\/wp\/v2\/pages\/188\/revisions"}],"predecessor-version":[{"id":640,"href":"https:\/\/www.dr-gubo.at\/cms\/index.php\/wp-json\/wp\/v2\/pages\/188\/revisions\/640"}],"wp:attachment":[{"href":"https:\/\/www.dr-gubo.at\/cms\/index.php\/wp-json\/wp\/v2\/media?parent=188"}],"curies":[{"name":"wp","href":"https:\/\/api.w.org\/{rel}","templated":true}]}}