{"id":181,"date":"2016-06-28T11:37:11","date_gmt":"2016-06-28T09:37:11","guid":{"rendered":"http:\/\/www.dr-gubo.at\/cms\/?page_id=181"},"modified":"2026-01-02T17:03:27","modified_gmt":"2026-01-02T16:03:27","slug":"anmeldung","status":"publish","type":"page","link":"https:\/\/www.dr-gubo.at\/cms\/index.php\/anmeldung\/","title":{"rendered":"Anmeldung"},"content":{"rendered":"<p><img loading=\"lazy\" decoding=\"async\" class=\"alignnone size-full wp-image-430\" src=\"https:\/\/www.dr-gubo.at\/cms\/wp-content\/uploads\/2016\/12\/bild1.jpg\" alt=\"bild1\" width=\"1280\" height=\"350\" srcset=\"https:\/\/www.dr-gubo.at\/cms\/wp-content\/uploads\/2016\/12\/bild1.jpg 1280w, https:\/\/www.dr-gubo.at\/cms\/wp-content\/uploads\/2016\/12\/bild1-300x82.jpg 300w, https:\/\/www.dr-gubo.at\/cms\/wp-content\/uploads\/2016\/12\/bild1-768x210.jpg 768w, https:\/\/www.dr-gubo.at\/cms\/wp-content\/uploads\/2016\/12\/bild1-1024x280.jpg 1024w, https:\/\/www.dr-gubo.at\/cms\/wp-content\/uploads\/2016\/12\/bild1-250x68.jpg 250w, https:\/\/www.dr-gubo.at\/cms\/wp-content\/uploads\/2016\/12\/bild1-150x41.jpg 150w\" sizes=\"auto, (max-width: 1280px) 100vw, 1280px\" \/><\/p>\n<h5><strong>Unsere Sekret\u00e4rin erreichen Sie zur Terminvereinbarung:<\/strong><\/h5>\n<p>Montag, Mittwoch und Freitag 8-10 Uhr <strong>unter 07672-22536<\/strong><\/p>\n<p>Au\u00dferhalb dieser Zeiten k\u00f6nnen Sie gerne eine Nachricht auf Anrufbeantworter hinterlassen, Sie werden zur\u00fcckgerufen.<br \/>Donnerstag ist die Ordination geschlossen.<br \/>Email: <a href=\"mailto:sekretariat@dr-gubo.at\">sekretariat@dr-gubo.at<\/a><\/p>\n<p>Eine <strong>telefonische Anmeldung<\/strong> ist unbedingt <strong>notwendig<\/strong>, um ausreichend Zeit f\u00fcr Ihr Anliegen einplanen und l\u00e4ngere Wartezeiten vermeiden zu k\u00f6nnen. F\u00fcr das erste Gespr\u00e4ch nehmen wir uns 1-2 Stunden Zeit, f\u00fcr die Folgegespr\u00e4che ungef\u00e4hr 30-60 min. Bei einer akuten Erkrankung vereinbaren wir das Folgegespr\u00e4ch in k\u00fcrzerem Abstand, bei chronischen Erkrankungen ungef\u00e4hr 4-6 Wochen sp\u00e4ter.<\/p>\n<h5>Erreichbarkeit au\u00dferhalb der Anmeldezeiten:<\/h5>\n<p>Ben\u00f6tigen Sie unsere \u00e4rztliche Hilfe <strong>au\u00dferhalb der Erreichbarkeit der Sekret\u00e4rin<\/strong>, bitten wir Sie eine Nachricht auf dem Anrufbeantworter zu hinterlassen. Wir melden uns telefonisch noch am selben Tag bei Ihnen. Erkranken Sie <strong>au\u00dferhalb unserer Ordinationszeiten<\/strong> (Donnerstag, Wochenende oder Nachts) so stark, dass sie \u00e4rztliche Hilfe ben\u00f6tigen, kontaktieren Sie bitte<strong> den \u00e4rztlichen Bereitschaftsdienst unter 141<\/strong>.<\/p>\n<p>Bitte bringen Sie zum Erstgespr\u00e4ch folgendes mit:<\/p>\n<ul>\n<li><a href=\"https:\/\/www.dr-gubo.at\/cms\/wp-content\/uploads\/2020\/07\/Patienteninformation-Dres.Gubo_.pdf\" target=\"_blank\" rel=\"noopener noreferrer\">Patienteninformation<\/a> (Stammdaten, Datenschutz) und <a href=\"https:\/\/www.dr-gubo.at\/cms\/wp-content\/uploads\/2020\/04\/Gesundheitsfragebogen.pdf\" target=\"_blank\" rel=\"noopener noreferrer\">Gesundheitsfragebogen<\/a> (aktuelle und fr\u00fchere Beschwerden, Medikamentenliste): bitte herunterladen, ausdrucken, ausgef\u00fcllt und unterschrieben mitnehmen!<\/li>\n<li>Befunde, Arztbriefe<\/li>\n<li>bei Kindern: Mutterkindpass, Lieblingsspielsachen und\/oder Begleitperson<\/li>\n<\/ul>\n<p>Zum \u00d6ffnen ben\u00f6tigen dieser Dateien Sie den kostenlosen <a href=\"http:\/\/www.adobe.de\/products\/acrobat\/readstep2.html\" target=\"_blank\" rel=\"noopener noreferrer\">Acrobat Reader<\/a>.<\/p>\n<p>Wenn Sie per E-Mail mit uns in Kontakt treten wollen, beachten Sie bitte, dass wir vertrauliche Informationen nur mittels verschl\u00fcsselter E-Mail an Sie weitergeben d\u00fcrfen. F\u00fcr die verschl\u00fcsselte Kommunikation \u00fcber unsere E-Mailadresse <a href=\"mailto:sekretariat@dr-gubo.at\">sekretariat@dr-gubo.at<\/a> benutzen wird das Verschl\u00fcsselungsprogramm GnuPG, den \u00f6ffentlichen Schl\u00fcssel dazu k\u00f6nnen Sie <a href=\"http:\/\/www.dr-gubo.at\/pdf\/Schl\u00fcssel Dres. Gubo sekretariat@dr-gubo.at (0xF513A48A1C397699) pub.asc\" target=\"_blank\" rel=\"noopener noreferrer\">hier <\/a>unterladen.<\/p>\n<h5>Terminabsage:<\/h5>\n<p>Sollten Sie einen Termin nicht einhalten k\u00f6nnen, sagen Sie den Termin ehestm\u00f6glich telefonisch ab (auch per Anrufbeantworter, falls Telefon nicht besetzt). Bei Erstgespr\u00e4chen bitte mindestens 1 Woche vor dem geplanten Termin, bei Terminen, die innerhalb der letzten 7 Tage vereinbart wurden, mindestens 48 Stunden vorher. Da wir Ihnen einen fixen Zeitraum von 1-2 Stunden reservieren, k\u00f6nnen wir bei Nicht-Erscheinen oder Absagen innerhalb von 48 Stunden nicht kurzfristig einen Ersatzpatienten einbestellen und m\u00fcssen Ihnen ein Ausfallshonorar in Rechnung stellen.<\/p>\n<p>Fremdsprachen: Wir sprechen auch Englisch, Frau Dr. Friderike Gubo zus\u00e4tzlich auch Franz\u00f6sisch und D\u00e4nisch.<\/p>\n\n\n<p><\/p>\n","protected":false},"excerpt":{"rendered":"<p>Unsere Sekret\u00e4rin erreichen Sie zur Terminvereinbarung: Montag, Mittwoch und Freitag 8-10 Uhr unter 07672-22536 Au\u00dferhalb dieser Zeiten k\u00f6nnen Sie gerne eine Nachricht auf Anrufbeantworter hinterlassen, Sie werden zur\u00fcckgerufen.Donnerstag ist die Ordination geschlossen.Email: sekretariat@dr-gubo.at Eine telefonische Anmeldung ist unbedingt notwendig, um ausreichend Zeit f\u00fcr Ihr Anliegen einplanen und l\u00e4ngere Wartezeiten vermeiden\u2026<\/p>\n<p> <a class=\"continue-reading-link\" href=\"https:\/\/www.dr-gubo.at\/cms\/index.php\/anmeldung\/\"><span>Lesen Sie bitte weiter&#8230;<\/span><i class=\"crycon-right-dir\"><\/i><\/a> <\/p>\n","protected":false},"author":1,"featured_media":0,"parent":0,"menu_order":0,"comment_status":"closed","ping_status":"closed","template":"templates\/template-onecolumn.php","meta":{"footnotes":""},"class_list":["post-181","page","type-page","status-publish","hentry"],"jetpack_sharing_enabled":true,"_links":{"self":[{"href":"https:\/\/www.dr-gubo.at\/cms\/index.php\/wp-json\/wp\/v2\/pages\/181","targetHints":{"allow":["GET"]}}],"collection":[{"href":"https:\/\/www.dr-gubo.at\/cms\/index.php\/wp-json\/wp\/v2\/pages"}],"about":[{"href":"https:\/\/www.dr-gubo.at\/cms\/index.php\/wp-json\/wp\/v2\/types\/page"}],"author":[{"embeddable":true,"href":"https:\/\/www.dr-gubo.at\/cms\/index.php\/wp-json\/wp\/v2\/users\/1"}],"replies":[{"embeddable":true,"href":"https:\/\/www.dr-gubo.at\/cms\/index.php\/wp-json\/wp\/v2\/comments?post=181"}],"version-history":[{"count":34,"href":"https:\/\/www.dr-gubo.at\/cms\/index.php\/wp-json\/wp\/v2\/pages\/181\/revisions"}],"predecessor-version":[{"id":842,"href":"https:\/\/www.dr-gubo.at\/cms\/index.php\/wp-json\/wp\/v2\/pages\/181\/revisions\/842"}],"wp:attachment":[{"href":"https:\/\/www.dr-gubo.at\/cms\/index.php\/wp-json\/wp\/v2\/media?parent=181"}],"curies":[{"name":"wp","href":"https:\/\/api.w.org\/{rel}","templated":true}]}}